{"id":1515,"date":"2013-10-06T11:49:32","date_gmt":"2013-10-06T10:49:32","guid":{"rendered":"http:\/\/www.zasi.ch\/sblog\/?page_id=1515"},"modified":"2014-05-14T19:40:31","modified_gmt":"2014-05-14T18:40:31","slug":"colmar-im-elsass","status":"publish","type":"page","link":"https:\/\/www.zasi.ch\/sblog\/index.php\/europe\/colmar-im-elsass","title":{"rendered":"Colmar im Elsass"},"content":{"rendered":"<p>Colmar im Elsass mit seinen schmucken H\u00e4usern und lauschigen Pl\u00e4tzen und G\u00e4sschen.<\/p>\n<p><strong>Colmar im Elsass, Frankreich,<\/strong> 21. September 2013<\/p>\n<p>ngg_shortcode_0_placeholder<\/p>","protected":false},"excerpt":{"rendered":"<p>Colmar im Elsass mit seinen schmucken H\u00e4usern und lauschigen Pl\u00e4tzen und G\u00e4sschen. Colmar im Elsass, Frankreich, 21. September 2013<\/p>\n","protected":false},"author":2,"featured_media":0,"parent":1599,"menu_order":1,"comment_status":"closed","ping_status":"open","template":"","meta":{"ngg_post_thumbnail":0,"footnotes":""},"_links":{"self":[{"href":"https:\/\/www.zasi.ch\/sblog\/index.php\/wp-json\/wp\/v2\/pages\/1515"}],"collection":[{"href":"https:\/\/www.zasi.ch\/sblog\/index.php\/wp-json\/wp\/v2\/pages"}],"about":[{"href":"https:\/\/www.zasi.ch\/sblog\/index.php\/wp-json\/wp\/v2\/types\/page"}],"author":[{"embeddable":true,"href":"https:\/\/www.zasi.ch\/sblog\/index.php\/wp-json\/wp\/v2\/users\/2"}],"replies":[{"embeddable":true,"href":"https:\/\/www.zasi.ch\/sblog\/index.php\/wp-json\/wp\/v2\/comments?post=1515"}],"version-history":[{"count":8,"href":"https:\/\/www.zasi.ch\/sblog\/index.php\/wp-json\/wp\/v2\/pages\/1515\/revisions"}],"predecessor-version":[{"id":1661,"href":"https:\/\/www.zasi.ch\/sblog\/index.php\/wp-json\/wp\/v2\/pages\/1515\/revisions\/1661"}],"up":[{"embeddable":true,"href":"https:\/\/www.zasi.ch\/sblog\/index.php\/wp-json\/wp\/v2\/pages\/1599"}],"wp:attachment":[{"href":"https:\/\/www.zasi.ch\/sblog\/index.php\/wp-json\/wp\/v2\/media?parent=1515"}],"curies":[{"name":"wp","href":"https:\/\/api.w.org\/{rel}","templated":true}]}}