{"id":1599,"date":"2014-01-11T19:37:46","date_gmt":"2014-01-11T18:37:46","guid":{"rendered":"http:\/\/www.zasi.ch\/sblog\/?page_id=1599"},"modified":"2014-05-14T20:31:41","modified_gmt":"2014-05-14T19:31:41","slug":"europe","status":"publish","type":"page","link":"https:\/\/www.zasi.ch\/sblog\/index.php\/europe","title":{"rendered":"Europe"},"content":{"rendered":"<p>Unsere Ausfl\u00fcge und Reisen f\u00fchren uns immer wieder zu Menschen an sch\u00f6ne und interessante Orte und St\u00e4dte in Europa.<\/p>\n<p>Hier findet Ihr die Bilder der St\u00e4dte und Reisen von Europa<\/p>\n<p><a title=\"Colmar-Bilder, www.zasi.ch\" href=\"http:\/\/www.zasi.ch\/sblog\/index.php\/europe\/colmar-im-elsass\" target=\"_blank\">Colmar im Elsass<\/a><\/p>\n<p><a title=\"Berlin bis Potsdam, www.zasi.ch\" href=\"http:\/\/www.zasi.ch\/sblog\/index.php\/europe\/von-berlin-bis-potsdam\" target=\"_blank\">Berlin bis Potsdam<\/a><\/p>\n<p><a title=\"Palma de Mallorca, www.zasi.ch\" href=\"http:\/\/www.zasi.ch\/sblog\/index.php\/europe\/palma-01\" target=\"_blank\">Palma de Mallorca<\/a><\/p>\n<p><a title=\"Estland, Tallin und mehr...   www.zasi.ch\" href=\"http:\/\/www.zasi.ch\/sblog\/index.php\/europe\/estland-tallinn-und-mehr\" target=\"_blank\">Estland, Tallin und mehr<\/a><\/p>\n<p><a title=\"M\u00fcnchen, www.zasi.ch\" href=\"http:\/\/www.zasi.ch\/sblog\/index.php\/europe\/munchen\" target=\"_blank\">M\u00fcnchen in der Weihnachtszeit<\/a><\/p>\n<p><a title=\"South England, www.zasi.ch\" href=\"http:\/\/www.zasi.ch\/sblog\/index.php\/europe\/south-england\" target=\"_blank\">South England<\/a><\/p>","protected":false},"excerpt":{"rendered":"<p>Unsere Ausfl\u00fcge und Reisen f\u00fchren uns immer wieder zu Menschen an sch\u00f6ne und interessante Orte und St\u00e4dte in Europa. Hier findet Ihr die Bilder der St\u00e4dte und Reisen von Europa Colmar im Elsass Berlin bis Potsdam Palma de Mallorca Estland, Tallin und mehr M\u00fcnchen in der Weihnachtszeit South England<\/p>\n","protected":false},"author":2,"featured_media":0,"parent":0,"menu_order":8,"comment_status":"closed","ping_status":"closed","template":"","meta":{"ngg_post_thumbnail":0,"footnotes":""},"_links":{"self":[{"href":"https:\/\/www.zasi.ch\/sblog\/index.php\/wp-json\/wp\/v2\/pages\/1599"}],"collection":[{"href":"https:\/\/www.zasi.ch\/sblog\/index.php\/wp-json\/wp\/v2\/pages"}],"about":[{"href":"https:\/\/www.zasi.ch\/sblog\/index.php\/wp-json\/wp\/v2\/types\/page"}],"author":[{"embeddable":true,"href":"https:\/\/www.zasi.ch\/sblog\/index.php\/wp-json\/wp\/v2\/users\/2"}],"replies":[{"embeddable":true,"href":"https:\/\/www.zasi.ch\/sblog\/index.php\/wp-json\/wp\/v2\/comments?post=1599"}],"version-history":[{"count":13,"href":"https:\/\/www.zasi.ch\/sblog\/index.php\/wp-json\/wp\/v2\/pages\/1599\/revisions"}],"predecessor-version":[{"id":1610,"href":"https:\/\/www.zasi.ch\/sblog\/index.php\/wp-json\/wp\/v2\/pages\/1599\/revisions\/1610"}],"wp:attachment":[{"href":"https:\/\/www.zasi.ch\/sblog\/index.php\/wp-json\/wp\/v2\/media?parent=1599"}],"curies":[{"name":"wp","href":"https:\/\/api.w.org\/{rel}","templated":true}]}}